{"id":157,"date":"2024-06-01T00:14:39","date_gmt":"2024-06-01T00:14:39","guid":{"rendered":"https:\/\/lela.pfadigottstatt.ch\/?page_id=157"},"modified":"2024-07-18T09:29:39","modified_gmt":"2024-07-18T09:29:39","slug":"kontakt","status":"publish","type":"page","link":"https:\/\/lela.pfadigottstatt.ch\/?page_id=157","title":{"rendered":"Kontakt"},"content":{"rendered":"\n<p class=\"has-accent-1-color has-text-color has-link-color wp-elements-a18e7584ee608bd46253e50b64b6212f\">Hast du eine Frage oder ein Anliegen bez\u00fcglich des Auslandlagers? Dann kontaktiere uns \u00fcber folgende Mail-Adresse (<strong>lela[at]pfadigottstatt.ch<\/strong>), und wir werden so bald wie m\u00f6glich auf dich zur\u00fcckkommen. <strong>Wichtig: In sehr dringenden F\u00e4llen sind wir unter folgendem Notfalltelefon erreichbar:<\/strong><\/p>\n\n\n\n<p>Anja Schlup v\/o Koala: <strong>079 871 44 30<\/strong><br>Katharina Gastl v\/o Bonsai: <strong>079 941 32 33<\/strong><\/p>\n\n\n\n<p><\/p>\n","protected":false},"excerpt":{"rendered":"<p>Hast du eine Frage oder ein Anliegen bez\u00fcglich des Auslandlagers? Dann kontaktiere uns \u00fcber folgende Mail-Adresse (lela[at]pfadigottstatt.ch), und wir werden so bald wie m\u00f6glich auf &hellip;<\/p>\n","protected":false},"author":2,"featured_media":364,"parent":0,"menu_order":0,"comment_status":"closed","ping_status":"closed","template":"","meta":{"inline_featured_image":false,"_monsterinsights_skip_tracking":false,"_monsterinsights_sitenote_active":false,"_monsterinsights_sitenote_note":"","_monsterinsights_sitenote_category":0,"footnotes":""},"class_list":["post-157","page","type-page","status-publish","has-post-thumbnail","hentry"],"_links":{"self":[{"href":"https:\/\/lela.pfadigottstatt.ch\/index.php?rest_route=\/wp\/v2\/pages\/157","targetHints":{"allow":["GET"]}}],"collection":[{"href":"https:\/\/lela.pfadigottstatt.ch\/index.php?rest_route=\/wp\/v2\/pages"}],"about":[{"href":"https:\/\/lela.pfadigottstatt.ch\/index.php?rest_route=\/wp\/v2\/types\/page"}],"author":[{"embeddable":true,"href":"https:\/\/lela.pfadigottstatt.ch\/index.php?rest_route=\/wp\/v2\/users\/2"}],"replies":[{"embeddable":true,"href":"https:\/\/lela.pfadigottstatt.ch\/index.php?rest_route=%2Fwp%2Fv2%2Fcomments&post=157"}],"version-history":[{"count":5,"href":"https:\/\/lela.pfadigottstatt.ch\/index.php?rest_route=\/wp\/v2\/pages\/157\/revisions"}],"predecessor-version":[{"id":281,"href":"https:\/\/lela.pfadigottstatt.ch\/index.php?rest_route=\/wp\/v2\/pages\/157\/revisions\/281"}],"wp:featuredmedia":[{"embeddable":true,"href":"https:\/\/lela.pfadigottstatt.ch\/index.php?rest_route=\/wp\/v2\/media\/364"}],"wp:attachment":[{"href":"https:\/\/lela.pfadigottstatt.ch\/index.php?rest_route=%2Fwp%2Fv2%2Fmedia&parent=157"}],"curies":[{"name":"wp","href":"https:\/\/api.w.org\/{rel}","templated":true}]}}