{"id":44,"date":"2024-05-31T15:47:27","date_gmt":"2024-05-31T15:47:27","guid":{"rendered":"https:\/\/lela.pfadigottstatt.ch\/?page_id=44"},"modified":"2024-06-26T16:27:05","modified_gmt":"2024-06-26T16:27:05","slug":"sponsoren","status":"publish","type":"page","link":"https:\/\/lela.pfadigottstatt.ch\/?page_id=44","title":{"rendered":"Sponsoren"},"content":{"rendered":"\n<p class=\"has-text-align-center\">Ohne die wichtige finanzielle Unterst\u00fctzung vieler Personen und Unternehmen w\u00e4re dieses Lager gar nicht erst m\u00f6glich gewesen. An dieser Stelle ein grosses <strong>M-E-R-C-I<\/strong> f\u00fcr die grossz\u00fcgigen Beitr\u00e4ge und Hilfe durch:<\/p>\n\n\n\n<div class=\"wp-block-columns is-layout-flex wp-container-core-columns-is-layout-9d6595d7 wp-block-columns-is-layout-flex\">\n<div class=\"wp-block-column is-layout-flow wp-block-column-is-layout-flow\">\n<div style=\"height:50px\" aria-hidden=\"true\" class=\"wp-block-spacer\"><\/div>\n\n\n<div class=\"wp-block-image\">\n<figure class=\"aligncenter size-large is-resized\"><a href=\"https:\/\/www.baloise.ch\/de\/privatkunden.html\" target=\"_blank\" rel=\"noreferrer noopener\"><img decoding=\"async\" src=\"https:\/\/lela.pfadigottstatt.ch\/wp-content\/uploads\/2024\/06\/baloise_bank_logo.svg\" alt=\"\" class=\"wp-image-285\" style=\"width:650px\"\/><\/a><\/figure>\n<\/div><\/div>\n<\/div>\n\n\n\n<hr class=\"wp-block-separator has-text-color has-alpha-channel-opacity has-background is-style-default\" style=\"background-color:#b1b1b1;color:#b1b1b1\"\/>\n\n\n\n<div class=\"wp-block-columns is-layout-flex wp-container-core-columns-is-layout-9d6595d7 wp-block-columns-is-layout-flex\">\n<div class=\"wp-block-column is-layout-flow wp-block-column-is-layout-flow\"><div class=\"wp-block-image\">\n<figure class=\"aligncenter size-large is-resized\"><a href=\"https:\/\/www.slb.ch\/\" target=\"_blank\" rel=\"noreferrer noopener\"><img decoding=\"async\" src=\"https:\/\/lela.pfadigottstatt.ch\/wp-content\/uploads\/2024\/06\/slb_bucheggberg_logo.svg\" alt=\"\" class=\"wp-image-290\" style=\"width:500px\"\/><\/a><\/figure>\n<\/div><\/div>\n<\/div>\n\n\n\n<hr class=\"wp-block-separator has-text-color has-alpha-channel-opacity has-background is-style-default\" style=\"background-color:#b1b1b1;color:#b1b1b1\"\/>\n\n\n\n<div class=\"wp-block-columns is-layout-flex wp-container-core-columns-is-layout-9d6595d7 wp-block-columns-is-layout-flex\">\n<div class=\"wp-block-column is-layout-flow wp-block-column-is-layout-flow\"><div class=\"wp-block-image\">\n<figure class=\"aligncenter size-large is-resized\"><a href=\"https:\/\/www.domenig.law\/\" target=\"_blank\" rel=\"noreferrer noopener\"><img decoding=\"async\" src=\"https:\/\/lela.pfadigottstatt.ch\/wp-content\/uploads\/2024\/06\/domenig_partner_logo.svg\" alt=\"\" class=\"wp-image-286\" style=\"width:500px\"\/><\/a><\/figure>\n<\/div><\/div>\n<\/div>\n\n\n\n<hr class=\"wp-block-separator has-text-color has-alpha-channel-opacity has-background is-style-default\" style=\"background-color:#b1b1b1;color:#b1b1b1\"\/>\n\n\n\n<div style=\"height:75px\" aria-hidden=\"true\" class=\"wp-block-spacer\"><\/div>\n\n\n\n<div class=\"wp-block-columns is-layout-flex wp-container-core-columns-is-layout-9d6595d7 wp-block-columns-is-layout-flex\">\n<div class=\"wp-block-column is-layout-flow wp-block-column-is-layout-flow\"><div class=\"wp-block-image\">\n<figure class=\"aligncenter size-large is-resized\"><a href=\"https:\/\/dr.sacharyf.ch\/\" target=\"_blank\" rel=\"noreferrer noopener\"><img decoding=\"async\" src=\"https:\/\/lela.pfadigottstatt.ch\/wp-content\/uploads\/2024\/06\/kieferorthopaedie_ryf_logo.svg\" alt=\"\" class=\"wp-image-287\" style=\"width:160px;height:auto\"\/><\/a><\/figure>\n<\/div><\/div>\n\n\n\n<div class=\"wp-block-column is-layout-flow wp-block-column-is-layout-flow\"><div class=\"wp-block-image\">\n<figure class=\"aligncenter size-large is-resized\"><a href=\"https:\/\/www.schiltelektro.ch\/\" target=\"_blank\" rel=\"noreferrer noopener\"><img decoding=\"async\" src=\"https:\/\/lela.pfadigottstatt.ch\/wp-content\/uploads\/2024\/06\/schilt_elektro_logo.svg\" alt=\"\" class=\"wp-image-289\" style=\"width:328px;height:auto\"\/><\/a><\/figure>\n<\/div><\/div>\n\n\n\n<div class=\"wp-block-column is-layout-flow wp-block-column-is-layout-flow\"><div class=\"wp-block-image\">\n<figure class=\"aligncenter size-large is-resized\"><a href=\"https:\/\/www.holzwarenfabrik.ch\/\" target=\"_blank\" rel=\"noreferrer noopener\"><img decoding=\"async\" src=\"https:\/\/lela.pfadigottstatt.ch\/wp-content\/uploads\/2024\/06\/mueller_holzwarenfabrik_logo.svg\" alt=\"\" class=\"wp-image-288\" style=\"width:235px;height:auto\"\/><\/a><\/figure>\n<\/div><\/div>\n<\/div>\n\n\n\n<div style=\"height:50px\" aria-hidden=\"true\" class=\"wp-block-spacer\"><\/div>\n\n\n\n<ul class=\"wp-block-list\">\n<li>Guggisberg Dachtechnik AG<\/li>\n\n\n\n<li>Buwinor GmbH<\/li>\n<\/ul>\n\n\n\n<p>\u2026 und nat\u00fcrlich den Gemeinden, die uns Dorfvereinen mit finanziellen Mitteln unter die Arme greifen:<\/p>\n\n\n\n<ul class=\"wp-block-list\">\n<li>Gemeinde Orpund<\/li>\n\n\n\n<li>Gemeinde Schwadernau<\/li>\n\n\n\n<li>Gemeinde Dotzigen<\/li>\n\n\n\n<li>Gemeinde Safnern<\/li>\n\n\n\n<li>Gemeinde Scheuren<\/li>\n\n\n\n<li>Gemeinde Meinisberg<\/li>\n<\/ul>\n\n\n\n<p>Ein besonderer Dank geht auch an unseren guten Freund und J&amp;S Coach Yedo v\/o Yves Bandi, der einen grossen Teil seiner J&amp;S Entsch\u00e4digung dem LeLa gespendet hat, sowie an unsere Teilnehmerin Tschaja, die in Eigenregie eine gross angelegte Spendenaktion durchgef\u00fchrt hat, bei der ein beachtlicher Betrag zusammengekommen ist. Ein riesengrosses MERCI an euch! \ud83e\udd73<\/p>\n\n\n\n<p><strong>Zudem danken wir allen Einzelpersonen, die unser Projekt mittels Privatspenden und bei Finanzaktionen unterst\u00fctzt haben!<\/strong> \ud83e\udef6\ud83c\udffb<\/p>\n","protected":false},"excerpt":{"rendered":"<p>Ohne die wichtige finanzielle Unterst\u00fctzung vieler Personen und Unternehmen w\u00e4re dieses Lager gar nicht erst m\u00f6glich gewesen. An dieser Stelle ein grosses M-E-R-C-I f\u00fcr die &hellip;<\/p>\n","protected":false},"author":2,"featured_media":270,"parent":0,"menu_order":0,"comment_status":"closed","ping_status":"closed","template":"","meta":{"inline_featured_image":false,"_monsterinsights_skip_tracking":false,"_monsterinsights_sitenote_active":false,"_monsterinsights_sitenote_note":"","_monsterinsights_sitenote_category":0,"footnotes":""},"class_list":["post-44","page","type-page","status-publish","has-post-thumbnail","hentry"],"_links":{"self":[{"href":"https:\/\/lela.pfadigottstatt.ch\/index.php?rest_route=\/wp\/v2\/pages\/44","targetHints":{"allow":["GET"]}}],"collection":[{"href":"https:\/\/lela.pfadigottstatt.ch\/index.php?rest_route=\/wp\/v2\/pages"}],"about":[{"href":"https:\/\/lela.pfadigottstatt.ch\/index.php?rest_route=\/wp\/v2\/types\/page"}],"author":[{"embeddable":true,"href":"https:\/\/lela.pfadigottstatt.ch\/index.php?rest_route=\/wp\/v2\/users\/2"}],"replies":[{"embeddable":true,"href":"https:\/\/lela.pfadigottstatt.ch\/index.php?rest_route=%2Fwp%2Fv2%2Fcomments&post=44"}],"version-history":[{"count":41,"href":"https:\/\/lela.pfadigottstatt.ch\/index.php?rest_route=\/wp\/v2\/pages\/44\/revisions"}],"predecessor-version":[{"id":340,"href":"https:\/\/lela.pfadigottstatt.ch\/index.php?rest_route=\/wp\/v2\/pages\/44\/revisions\/340"}],"wp:featuredmedia":[{"embeddable":true,"href":"https:\/\/lela.pfadigottstatt.ch\/index.php?rest_route=\/wp\/v2\/media\/270"}],"wp:attachment":[{"href":"https:\/\/lela.pfadigottstatt.ch\/index.php?rest_route=%2Fwp%2Fv2%2Fmedia&parent=44"}],"curies":[{"name":"wp","href":"https:\/\/api.w.org\/{rel}","templated":true}]}}